{"id":13252,"date":"2018-03-23T11:50:20","date_gmt":"2018-03-23T11:50:20","guid":{"rendered":"https:\/\/www.generation-elites.com\/?page_id=13252"},"modified":"2018-03-23T11:50:20","modified_gmt":"2018-03-23T11:50:20","slug":"%d8%a7%d9%84%d9%85%d8%b3%d8%a7%d8%b9%d8%af%d8%a9-%d8%a7%d9%84%d9%86%d9%81%d8%b3%d9%8a%d8%a9","status":"publish","type":"page","link":"https:\/\/www.generation-elites.com\/ar\/%d8%a7%d9%84%d9%85%d8%b3%d8%a7%d8%b9%d8%af%d8%a9-%d8%a7%d9%84%d9%86%d9%81%d8%b3%d9%8a%d8%a9\/","title":{"rendered":"\u0627\u0644\u0645\u0633\u0627\u0639\u062f\u0629 \u0627\u0644\u0646\u0641\u0633\u064a\u0629"},"content":{"rendered":"<p>[vc_row][vc_column][vc_empty_space height=&#8221;35px&#8221;][\/vc_column][\/vc_row][vc_row][vc_column][vc_custom_heading text=&#8221;L\u2019intervention du psychologue&#8221; font_container=&#8221;tag:h1|text_align:center|color:%23dd3333&#8243; use_theme_fonts=&#8221;yes&#8221;][\/vc_column][\/vc_row][vc_row][vc_column]<div class='dt-sc-icon-box type2 '><div class=\"icon-wrapper\"><img width=\"2716\" height=\"1810\" src=\"https:\/\/www.generation-elites.com\/wp-content\/uploads\/2018\/02\/iStock_000022932702_Large.jpg\" class=\"attachment-full\" alt=\"\" decoding=\"async\" loading=\"lazy\" srcset=\"https:\/\/www.generation-elites.com\/wp-content\/uploads\/2018\/02\/iStock_000022932702_Large.jpg 2716w, https:\/\/www.generation-elites.com\/wp-content\/uploads\/2018\/02\/iStock_000022932702_Large-300x200.jpg 300w, https:\/\/www.generation-elites.com\/wp-content\/uploads\/2018\/02\/iStock_000022932702_Large-1024x682.jpg 1024w\" sizes=\"(max-width: 2716px) 100vw, 2716px\" \/><\/div><div class=\"icon-content\"><span><\/span><p><p><span style=\"font-weight: 400; color: #000000; font-size: 20px;\">Dans notre \u00e9cole, l\u2019intervention du psychologue scolaire se fait suivant un protocole bien \u00e9tudi\u00e9 et qui r\u00e9pond \u00e0 des principes d\u00e9ontologiques\u00a0:<\/span><\/p>\n<ul>\n<li style=\"font-weight: 400;\"><span style=\"font-weight: 400; color: #000000; font-size: 20px;\">Ne pas stigmatiser l\u2019\u00e9l\u00e8ve<\/span><\/li>\n<li style=\"font-weight: 400;\"><span style=\"font-weight: 400; color: #000000; font-size: 20px;\">Un \u00e9l\u00e8ve est en difficult\u00e9 d\u2019apprentissage c\u2019est un \u00e9l\u00e8ve qui n\u2019atteint pas les objectifs vis\u00e9s <\/span><\/li>\n<li style=\"font-weight: 400;\"><span style=\"font-weight: 400; color: #000000; font-size: 20px;\">L\u2019\u00e9l\u00e8ve en difficult\u00e9 d\u2019apprentissage est identifi\u00e9 par l\u2019enseignant et confirm\u00e9 par l\u2019encadreur p\u00e9dagogique<\/span><\/li>\n<li style=\"font-weight: 400;\"><span style=\"font-weight: 400; color: #000000; font-size: 20px;\">Son identification se fait suite \u00e0 des \u00e9valuations scolaires (\u00e9valuation formative, sommative, ponctuelle) et apr\u00e8s persistance de la difficult\u00e9<\/span><\/li>\n<li style=\"font-weight: 400;\"><span style=\"font-weight: 400; color: #000000; font-size: 20px;\">Avant d\u2019informer de sa difficult\u00e9 il faut varier les interventions (refaire la le\u00e7on, utiliser d\u2019autres m\u00e9thodes, utiliser le num\u00e9rique\u2026) <\/span><\/li>\n<li style=\"font-weight: 400;\"><span style=\"font-weight: 400; color: #000000; font-size: 20px;\">L\u2019intervention de l\u2019encadreur se fait par\u00a0: la pr\u00e9sence en classe, la proposition d\u2019autres alternatives ou des devoirs \u00e0 faire\u2026)<\/span><\/li>\n<li style=\"font-weight: 400;\"><span style=\"font-weight: 400; color: #000000; font-size: 20px;\">Informer les parents apr\u00e8s coordination avec le directeur de vie scolaire (devoirs \u00e0 faire \u00e0 la maison, recherche d\u2019autres causes\u2026)<\/span><\/li>\n<li style=\"font-weight: 400;\"><span style=\"font-weight: 400; color: #000000; font-size: 20px;\">Demander une r\u00e9union du comit\u00e9 de coordination pour une prise de d\u00e9cision<\/span><\/li>\n<li style=\"font-weight: 400;\"><span style=\"font-weight: 400; color: #000000; font-size: 20px;\">Coordonner avec les parents et proposer l\u2019intervention du psychologue<\/span><\/li>\n<li style=\"font-weight: 400;\"><span style=\"font-weight: 400; color: #000000; font-size: 20px;\">Coordination entre les enseignants, l\u2019encadreur, le directeur et le psychologue pour accompagner l\u2019\u00e9l\u00e8ve \u00a0<\/span><\/li>\n<\/ul><\/p><\/div><\/div>[\/vc_column][\/vc_row]<\/p>\n","protected":false},"excerpt":{"rendered":"<p>[vc_row][vc_column][vc_empty_space height=&#8221;35px&#8221;][\/vc_column][\/vc_row][vc_row][vc_column][vc_custom_heading text=&#8221;L\u2019intervention du psychologue&#8221; font_container=&#8221;tag:h1|text_align:center|color:%23dd3333&#8243; use_theme_fonts=&#8221;yes&#8221;][\/vc_column][\/vc_row][vc_row][vc_column][\/vc_column][\/vc_row]<\/p>\n","protected":false},"author":1,"featured_media":0,"parent":0,"menu_order":0,"comment_status":"closed","ping_status":"closed","template":"","meta":{"content-type":"","_mi_skip_tracking":false,"_monsterinsights_sitenote_active":false,"_monsterinsights_sitenote_note":"","_monsterinsights_sitenote_category":0},"_links":{"self":[{"href":"https:\/\/www.generation-elites.com\/ar\/wp-json\/wp\/v2\/pages\/13252"}],"collection":[{"href":"https:\/\/www.generation-elites.com\/ar\/wp-json\/wp\/v2\/pages"}],"about":[{"href":"https:\/\/www.generation-elites.com\/ar\/wp-json\/wp\/v2\/types\/page"}],"author":[{"embeddable":true,"href":"https:\/\/www.generation-elites.com\/ar\/wp-json\/wp\/v2\/users\/1"}],"replies":[{"embeddable":true,"href":"https:\/\/www.generation-elites.com\/ar\/wp-json\/wp\/v2\/comments?post=13252"}],"version-history":[{"count":1,"href":"https:\/\/www.generation-elites.com\/ar\/wp-json\/wp\/v2\/pages\/13252\/revisions"}],"predecessor-version":[{"id":13261,"href":"https:\/\/www.generation-elites.com\/ar\/wp-json\/wp\/v2\/pages\/13252\/revisions\/13261"}],"wp:attachment":[{"href":"https:\/\/www.generation-elites.com\/ar\/wp-json\/wp\/v2\/media?parent=13252"}],"curies":[{"name":"wp","href":"https:\/\/api.w.org\/{rel}","templated":true}]}}