{"id":13402,"date":"2017-02-25T07:20:14","date_gmt":"2017-02-25T07:20:14","guid":{"rendered":"https:\/\/www.generation-elites.com\/home\/"},"modified":"2023-07-23T11:49:41","modified_gmt":"2023-07-23T11:49:41","slug":"ecole-primaire-generation-elites-iso-9001","status":"publish","type":"page","link":"https:\/\/www.generation-elites.com\/ar\/","title":{"rendered":"G\u00e9n\u00e9ration \u00e9lites"},"content":{"rendered":"<p>[vc_row full_width=&#8221;stretch_row_content_no_spaces&#8221; addstyles=&#8221;overflow:visible !important; z-index:2;&#8221;][vc_column][\/vc_column][\/vc_row][vc_row full_width=&#8221;stretch_row&#8221; css=&#8221;.vc_custom_1518685577798{padding-top: 7% !important;padding-bottom: 12% !important;background-color: #f9dbf8 !important;}&#8221; el_class=&#8221;fullwidth_curve_bg vcr_float_right&#8221;][vc_column][vc_row_inner][vc_column_inner width=&#8221;2\/3&#8243;][vc_cta h2=&#8221;&#8221; style=&#8221;3d&#8221; color=&#8221;sky&#8221; el_width=&#8221;md&#8221;]<\/p>\n<h2 style=\"text-align: center;\"><a style=\"color: #ffffff;\" href=\"https:\/\/www.generation-elites.com\/formulaire-preinscription\/\" target=\"_blank\" rel=\"noopener\"><strong>Formulaire de Pr\u00e9-Inscription<\/strong><\/a><\/h2>\n<p>[\/vc_cta][\/vc_column_inner][vc_column_inner width=&#8221;1\/3&#8243;]<ul class='dt-sc-sociable  '><li> <a class='fa fa-facebook' title='Facebook' href=' https:\/\/www.facebook.com\/ecolegenerationelites\/'> <\/a> <\/li><li> <a class='fa fa-twitter' title='Twitter' href='#'> <\/a> <\/li><li> <a class='fa fa-youtube' title='Youtube' href='https:\/\/www.youtube.com\/channel\/UCbi0oA4aZTKD8kSU68eLsjA?view_as=subscriber'> <\/a> <\/li><li> <a class='fa fa-instagram' title='Instagram' href='#'> <\/a> <\/li><\/ul>[\/vc_column_inner][\/vc_row_inner][ultimate_spacer height=&#8221;80&#8243; height_on_tabs=&#8221;60&#8243; height_on_tabs_portrait=&#8221;60&#8243; height_on_mob_landscape=&#8221;60&#8243; height_on_mob=&#8221;60&#8243;][vc_row_inner css=&#8221;.vc_custom_1489145988800{padding-right: 0px !important;padding-left: 0px !important;}&#8221;][vc_column_inner width=&#8221;1\/4&#8243;]<div class='dt-sc-image-caption type2  imagecaption-11965401612092960722804011737458120728'><div class='dt-sc-image-content'><div class='dt-sc-image-title'><h3>Culturel<\/h3><\/div><p><p style=\"text-align: left;\">Il est important de consid\u00e9rer, que la dimension culturelle\u00a0<a href=\"https:\/\/www.generation-elites.com\/culturel\/\">Lire La Suite<\/a><\/p><\/p><\/div><div class='dt-sc-image-wrapper'><img width=\"640\" height=\"540\" src=\"https:\/\/www.generation-elites.com\/wp-content\/uploads\/2018\/02\/54b83ffaf20cd.image_-2.jpg\" class=\"attachment-full\" alt=\"\" decoding=\"async\" loading=\"lazy\" srcset=\"https:\/\/www.generation-elites.com\/wp-content\/uploads\/2018\/02\/54b83ffaf20cd.image_-2.jpg 640w, https:\/\/www.generation-elites.com\/wp-content\/uploads\/2018\/02\/54b83ffaf20cd.image_-2-300x253.jpg 300w\" sizes=\"(max-width: 640px) 100vw, 640px\" \/><\/div><\/div>[\/vc_column_inner][vc_column_inner width=&#8221;1\/4&#8243;]<div class='dt-sc-image-caption type2  imagecaption-2981126274742257062639565421058001848'><div class='dt-sc-image-content'><div class='dt-sc-image-title'><h3>Sportif<\/h3><\/div><p><p style=\"text-align: left;\">L\u2019activit\u00e9 sportive\u00a0contribue \u00e0 l\u2019\u00e9ducation \u00e0 la sant\u00e9 en permettant\u00a0<a href=\"https:\/\/www.generation-elites.com\/sportif\/\">Lire La Suite<\/a><\/p><\/p><\/div><div class='dt-sc-image-wrapper'><img width=\"640\" height=\"540\" src=\"https:\/\/www.generation-elites.com\/wp-content\/uploads\/2018\/02\/study_150-1.jpg\" class=\"attachment-full\" alt=\"\" decoding=\"async\" loading=\"lazy\" srcset=\"https:\/\/www.generation-elites.com\/wp-content\/uploads\/2018\/02\/study_150-1.jpg 640w, https:\/\/www.generation-elites.com\/wp-content\/uploads\/2018\/02\/study_150-1-300x253.jpg 300w\" sizes=\"(max-width: 640px) 100vw, 640px\" \/><\/div><\/div>[\/vc_column_inner][vc_column_inner width=&#8221;1\/4&#8243;]<div class='dt-sc-image-caption type2  imagecaption-15617766331505426893262037309688214151'><div class='dt-sc-image-content'><div class='dt-sc-image-title'><h3>Citoyennet\u00e9 <\/h3><\/div><p>La formation du citoyen est l&#8217;un des objectifs prioritaires de notre \u00e9cole\n<a href=\"https:\/\/www.generation-elites.com\/citoyennete\/\">Lire la suite<\/a><\/p><\/div><div class='dt-sc-image-wrapper'><img width=\"640\" height=\"540\" src=\"https:\/\/www.generation-elites.com\/wp-content\/uploads\/2018\/02\/citoyennete.jpg\" class=\"attachment-full\" alt=\"\" decoding=\"async\" loading=\"lazy\" srcset=\"https:\/\/www.generation-elites.com\/wp-content\/uploads\/2018\/02\/citoyennete.jpg 640w, https:\/\/www.generation-elites.com\/wp-content\/uploads\/2018\/02\/citoyennete-300x253.jpg 300w\" sizes=\"(max-width: 640px) 100vw, 640px\" \/><\/div><\/div>[\/vc_column_inner][vc_column_inner width=&#8221;1\/4&#8243;]<div class='dt-sc-image-caption type2  imagecaption-122857682017175429864100520871707581203'><div class='dt-sc-image-content'><div class='dt-sc-image-title'><h3>Robotique<\/h3><\/div><p><p style=\"text-align: left;\">Apprendre la robotique dans notre \u00e9cole par des moyens ludiques\n<a href=\"https:\/\/www.generation-elites.com\/club-robotique\/\">Lire la suite<\/a><\/p><\/p><\/div><div class='dt-sc-image-wrapper'><img width=\"594\" height=\"542\" src=\"https:\/\/www.generation-elites.com\/wp-content\/uploads\/2018\/02\/7bec5836549ba0dca146ba539d341a6f-vector-character-character-design.jpg\" class=\"attachment-full\" alt=\"\" decoding=\"async\" loading=\"lazy\" srcset=\"https:\/\/www.generation-elites.com\/wp-content\/uploads\/2018\/02\/7bec5836549ba0dca146ba539d341a6f-vector-character-character-design.jpg 594w, https:\/\/www.generation-elites.com\/wp-content\/uploads\/2018\/02\/7bec5836549ba0dca146ba539d341a6f-vector-character-character-design-300x274.jpg 300w\" sizes=\"(max-width: 594px) 100vw, 594px\" \/><\/div><\/div>[\/vc_column_inner][\/vc_row_inner][\/vc_column][\/vc_row][vc_row full_width=&#8221;stretch_row&#8221; equal_height=&#8221;yes&#8221; content_placement=&#8221;middle&#8221; css=&#8221;.vc_custom_1490073244277{padding-top: 7% !important;padding-bottom: 7% !important;background-color: #89b730 !important;}&#8221; el_class=&#8221;dt-sc-dark-bg vcr_float_right&#8221;][vc_column width=&#8221;2\/3&#8243;][vc_column_text] Dans notre \u00e9cole \u00ab G\u00e9n\u00e9ration \u00e9lites \u00bb , on apprend \u00e0 calculer, \u00e0 \u00e9crire et \u00e0 lire les 3 langues,\u00a0Mais pas seulement !<br \/>\nAvec des projets de la vie quotidienne, on d\u00e9veloppe aussi des comp\u00e9tences<br \/>\n(Les 4C) :[\/vc_column_text][vc_row_inner][vc_column_inner width=&#8221;1\/2&#8243;]<div class='dt-sc-icon-box type2  iconbox-139668956019576557367243448171904241916'><div class=\"icon-wrapper\"><img width=\"38\" height=\"38\" src=\"https:\/\/www.generation-elites.com\/wp-content\/uploads\/2018\/02\/communication_discussion_workshop-512.png\" class=\"attachment-full\" alt=\"\" decoding=\"async\" loading=\"lazy\" \/><\/div><div class=\"icon-content\"><span>C<\/span><h5>Communication<\/h5><h4>Communication<\/h4><p><\/p><\/div><\/div>[ultimate_spacer height=&#8221;10&#8243;]<div class='dt-sc-icon-box type2  iconbox-2086035963107984035316956717341636489255'><div class=\"icon-wrapper\"><img width=\"38\" height=\"38\" src=\"https:\/\/www.generation-elites.com\/wp-content\/uploads\/2018\/02\/creativit\u00e9.png\" class=\"attachment-full\" alt=\"\" decoding=\"async\" loading=\"lazy\" \/><\/div><div class=\"icon-content\"><span>C<\/span><h5>Creativity <\/h5><h4>cr\u00e9ativit\u00e9<\/h4><p><\/p><\/div><\/div>[\/vc_column_inner][vc_column_inner width=&#8221;1\/2&#8243;]<div class='dt-sc-icon-box type2  iconbox-757347070788929463105758868902201009'><div class=\"icon-wrapper\"><img width=\"38\" height=\"38\" src=\"https:\/\/www.generation-elites.com\/wp-content\/uploads\/2018\/02\/collaboration.png\" class=\"attachment-full\" alt=\"\" decoding=\"async\" loading=\"lazy\" \/><\/div><div class=\"icon-content\"><span>C<\/span><h5>Collaboration<\/h5><h4>Collaboration<\/h4><p><\/p><\/div><\/div>[ultimate_spacer height=&#8221;10&#8243;]<div class='dt-sc-icon-box type2  iconbox-914094546121634943149792042388169556'><div class=\"icon-wrapper\"><img width=\"38\" height=\"36\" src=\"https:\/\/www.generation-elites.com\/wp-content\/uploads\/2018\/02\/critical-thinking.png\" class=\"attachment-full\" alt=\"\" decoding=\"async\" loading=\"lazy\" \/><\/div><div class=\"icon-content\"><span>E<\/span><h5>Critical Thinking<\/h5><h4>Esprit critique<\/h4><p><\/p><\/div><\/div>[\/vc_column_inner][\/vc_row_inner][\/vc_column][vc_column width=&#8221;1\/3&#8243;][vc_single_image image=&#8221;11258&#8243; img_size=&#8221;full&#8221;][\/vc_column][\/vc_row][vc_row full_width=&#8221;stretch_row_content_no_spaces&#8221; css=&#8221;.vc_custom_1490088281118{padding-top: 30% !important;padding-bottom: 30% !important;background-image: url(https:\/\/www.generation-elites.com\/wp-content\/uploads\/2017\/03\/parallax2.gif?id=11285) !important;background-position: center !important;background-repeat: no-repeat !important;background-size: cover !important;}&#8221; el_class=&#8221;fullwidth_animation_image&#8221;][vc_column][\/vc_column][\/vc_row][vc_row full_width=&#8221;stretch_row&#8221; css=&#8221;.vc_custom_1489399462347{padding-top: 8% !important;padding-bottom: 8% !important;background-color: #fb678e !important;}&#8221; el_class=&#8221;dt-sc-dark-bg&#8221;][vc_column][vc_custom_heading text=&#8221;Notre \u00e9quipe&#8221; font_container=&#8221;tag:h2|text_align:center|color:%23ffffff&#8221; use_theme_fonts=&#8221;yes&#8221;][vc_separator color=&#8221;white&#8221; border_width=&#8221;5&#8243; el_width=&#8221;10&#8243;][vc_column_text]Dans notre \u00e9cole nos enseignants sont permanents et form\u00e9s selon notre vision par des experts p\u00e9dagogiques, des encadreurs p\u00e9dagogiques permanents sont&#8230;\u00a0\u00a0<a style=\"color: #ffff00;\" href=\"https:\/\/www.generation-elites.com\/notre-equipe\/\">Lire la suite<\/a>[\/vc_column_text][vc_single_image image=&#8221;13419&#8243; img_size=&#8221;large&#8221; add_caption=&#8221;yes&#8221; alignment=&#8221;center&#8221; style=&#8221;vc_box_shadow_3d&#8221;][\/vc_column][\/vc_row][vc_row full_width=&#8221;stretch_row_content_no_spaces&#8221; css=&#8221;.vc_custom_1660049924794{padding-top: 20% !important;padding-bottom: 20% !important;background-image: url(https:\/\/www.generation-elites.com\/wp-content\/uploads\/2014\/01\/20200514_131531-e1659950596962.jpg?id=13687) !important;}&#8221; addstyles=&#8221;background-attachment:fixed !important;&#8221;][vc_column][\/vc_column][\/vc_row][vc_row full_width=&#8221;stretch_row&#8221; css=&#8221;.vc_custom_1489130834987{padding-top: 8% !important;padding-bottom: 8% !important;background-color: #008ad1 !important;}&#8221; el_class=&#8221;weather dt-sc-dark-bg&#8221; addstyles=&#8221;z-index:2;&#8221;][vc_column][vc_separator color=&#8221;white&#8221; border_width=&#8221;5&#8243; el_width=&#8221;10&#8243;][ultimate_spacer height=&#8221;40&#8243;][\/vc_column][\/vc_row][vc_row full_width=&#8221;stretch_row&#8221; css=&#8221;.vc_custom_1489133153202{padding-top: 7% !important;padding-bottom: 7% !important;background-color: #fff200 !important;}&#8221;][vc_column width=&#8221;5\/6&#8243;][vc_custom_heading text=&#8221;l&#8217;\u00e9cole G\u00e9n\u00e9ration Elites&#8221; font_container=&#8221;tag:h1|font_size:50px|text_align:center|color:%2322c6d8&#8243; use_theme_fonts=&#8221;yes&#8221;][vc_custom_heading text=&#8221;Ouverture des inscriptions saison scolaire 2023\/2024&#8243; font_container=&#8221;tag:h1|text_align:center&#8221; use_theme_fonts=&#8221;yes&#8221; link=&#8221;url:https%3A%2F%2Fwww.generation-elites.com%2Fformulaire-preinscription%2F||target:%20_blank|&#8221;][vc_video link=&#8221;https:\/\/youtu.be\/9C6e1cu3pRs&#8221;][vc_custom_heading text=&#8221;Sortie scolaire \u00e0 Le Village K\u00e8n&#8221; font_container=&#8221;tag:h2|text_align:center&#8221; use_theme_fonts=&#8221;yes&#8221;][vc_images_carousel images=&#8221;13735,13736,13730,13729,13738,13737,13734,13733,13732,13731&#8243; img_size=&#8221;full&#8221; speed=&#8221;2000&#8243; autoplay=&#8221;yes&#8221; wrap=&#8221;yes&#8221;][vc_custom_heading text=&#8221;C\u00e9r\u00e9monie de f\u00eate de fin d&#8217;ann\u00e9e 2021\/2022&#8243; font_container=&#8221;tag:h2|text_align:center|color:%23000000&#8243; use_theme_fonts=&#8221;yes&#8221;][vc_video link=&#8221;https:\/\/youtu.be\/bSav9GFeZ2U&#8221; align=&#8221;center&#8221; css_animation=&#8221;fadeInLeft&#8221;][vc_row_inner][vc_column_inner width=&#8221;1\/4&#8243;][\/vc_column_inner][vc_column_inner width=&#8221;1\/2&#8243;][\/vc_column_inner][vc_column_inner width=&#8221;1\/4&#8243;][\/vc_column_inner][\/vc_row_inner][vc_custom_heading text=&#8221;F\u00eate de fin d&#8217;ann\u00e9e scolaire 2018\/2019&#8243; font_container=&#8221;tag:h2|text_align:center|color:%23dd3333&#8243; use_theme_fonts=&#8221;yes&#8221;][vc_row_inner][vc_column_inner width=&#8221;1\/6&#8243;][\/vc_column_inner][vc_column_inner width=&#8221;2\/3&#8243;][vc_column_text]<\/p>\n<p style=\"text-align: center;\">visualiser l&#8217;album photo\u00a0<a href=\"https:\/\/www.generation-elites.com\/nos-activites\/\" target=\"_blank\" rel=\"noopener\">cliquez ici\u00a0<\/a><\/p>\n<p>[\/vc_column_text][vc_images_carousel images=&#8221;13622,13619,13620,13621&#8243; img_size=&#8221;full&#8221; speed=&#8221;2000&#8243; autoplay=&#8221;yes&#8221; wrap=&#8221;yes&#8221;][\/vc_column_inner][vc_column_inner width=&#8221;1\/6&#8243;][\/vc_column_inner][\/vc_row_inner][vc_custom_heading text=&#8221;Excursion Zaghouan le 24 Avril 2019&#8243; font_container=&#8221;tag:h2|text_align:center|color:%23dd3333&#8243; use_theme_fonts=&#8221;yes&#8221;][vc_row_inner][vc_column_inner width=&#8221;1\/6&#8243;][\/vc_column_inner][vc_column_inner width=&#8221;2\/3&#8243;][vc_column_text]<\/p>\n<p style=\"text-align: center;\">visualiser l&#8217;album photo\u00a0<a href=\"https:\/\/www.generation-elites.com\/nos-activites\/\" target=\"_blank\" rel=\"noopener\">cliquez ici\u00a0<\/a><\/p>\n<p>[\/vc_column_text][vc_images_carousel images=&#8221;13537,13538,13539&#8243; img_size=&#8221;full&#8221; speed=&#8221;2000&#8243; autoplay=&#8221;yes&#8221; wrap=&#8221;yes&#8221;][\/vc_column_inner][vc_column_inner width=&#8221;1\/6&#8243;][\/vc_column_inner][\/vc_row_inner][vc_custom_heading text=&#8221;Excursion Zaghouan le 24 Avril 2019&#8243; font_container=&#8221;tag:h2|text_align:center|color:%23dd3333&#8243; use_theme_fonts=&#8221;yes&#8221;][vc_row_inner][vc_column_inner][vc_video link=&#8221;https:\/\/youtu.be\/HM_OxIthCAQ&#8221; align=&#8221;center&#8221; css_animation=&#8221;fadeInRight&#8221;][\/vc_column_inner][\/vc_row_inner][vc_separator color=&#8221;sandy_brown&#8221; border_width=&#8221;5&#8243; el_width=&#8221;10&#8243;][vc_row_inner][vc_column_inner width=&#8221;1\/2&#8243;][vc_custom_heading text=&#8221;l\u2019\u00e9cole GENERATION ELITES&#8221; font_container=&#8221;tag:h2|text_align:center&#8221; google_fonts=&#8221;font_family:Yeseva%20One%3Aregular|font_style:400%20regular%3A400%3Anormal&#8221;][vc_video link=&#8221;https:\/\/youtu.be\/nESybHXovq4&#8243; css_animation=&#8221;fadeInLeft&#8221;][\/vc_column_inner][vc_column_inner width=&#8221;1\/2&#8243;][vc_custom_heading text=&#8221; s\u00e9ance d&#8217;art plastique&#8221; font_container=&#8221;tag:h2|text_align:center&#8221; google_fonts=&#8221;font_family:Yeseva%20One%3Aregular|font_style:400%20regular%3A400%3Anormal&#8221;][vc_video link=&#8221;https:\/\/youtu.be\/1GJaNIbB20Q&#8221; css_animation=&#8221;fadeInRight&#8221;][\/vc_column_inner][\/vc_row_inner][vc_row_inner][vc_column_inner width=&#8221;1\/2&#8243;][vc_custom_heading text=&#8221;&#8221; font_container=&#8221;tag:h2|text_align:center&#8221; google_fonts=&#8221;font_family:Yeseva%20One%3Aregular|font_style:400%20regular%3A400%3Anormal&#8221;][vc_video link=&#8221;https:\/\/youtu.be\/1QXrYqQYxCo&#8221; css_animation=&#8221;fadeInLeft&#8221;][\/vc_column_inner][vc_column_inner width=&#8221;1\/2&#8243;][vc_custom_heading text=&#8221;&#8221; font_container=&#8221;tag:h2|text_align:center&#8221; google_fonts=&#8221;font_family:Yeseva%20One%3Aregular|font_style:400%20regular%3A400%3Anormal&#8221;][vc_video link=&#8221;https:\/\/youtu.be\/VaRxOxfKtT0&#8243; css_animation=&#8221;fadeInRight&#8221;][\/vc_column_inner][\/vc_row_inner][vc_row_inner][vc_column_inner width=&#8221;1\/6&#8243;][\/vc_column_inner][vc_column_inner width=&#8221;2\/3&#8243;][\/vc_column_inner][vc_column_inner width=&#8221;1\/6&#8243;][\/vc_column_inner][\/vc_row_inner][\/vc_column][vc_column width=&#8221;1\/6&#8243;][\/vc_column][\/vc_row][vc_row full_width=&#8221;stretch_row_content_no_spaces&#8221; el_class=&#8221;colored_addresses&#8221;][vc_column][vc_column_text]<iframe loading=\"lazy\" style=\"border: 0;\" src=\"https:\/\/www.google.com\/maps\/embed?pb=!1m18!1m12!1m3!1d3192.1808450889994!2d10.261915915291624!3d36.862089879935866!2m3!1f0!2f0!3f0!3m2!1i1024!2i768!4f13.1!3m3!1m2!1s0x12e2b5576af68b99%3A0x466ab87a1f75bd9e!2zR8OpbsOpcmF0aW9uIMOpbGl0ZXM!5e0!3m2!1sfr!2stn!4v1518163979042\" width=\"1500\" height=\"450\" frameborder=\"0\" allowfullscreen=\"allowfullscreen\"><\/iframe>[\/vc_column_text][\/vc_column][\/vc_row][vc_row full_width=&#8221;stretch_row&#8221; css=&#8221;.vc_custom_1489139241082{margin-top: -35px !important;padding-top: 7% !important;padding-bottom: 6.6% !important;background-image: url(https:\/\/www.generation-elites.com\/wp-content\/uploads\/2017\/02\/yellow_pattern.jpg?id=11296) !important;}&#8221; el_class=&#8221;yellow_pattern_bg&#8221;][vc_column][vc_single_image image=&#8221;11684&#8243; img_size=&#8221;full&#8221; alignment=&#8221;center&#8221; css=&#8221;.vc_custom_1489490419513{margin-bottom: 20px !important;}&#8221;][vc_custom_heading text=&#8221;Suivez-nous&#8221; font_container=&#8221;tag:p|font_size:20px|text_align:center|color:%23dd3333&#8243; use_theme_fonts=&#8221;yes&#8221;][vc_row_inner][vc_column_inner el_class=&#8221;aligncenter&#8221;]<ul class='dt-sc-sociable diamond-square-border '><li> <a class='fa fa-facebook' title='Facebook' href=' https:\/\/www.facebook.com\/ecolegenerationelites\/'> <\/a> <\/li><li> <a class='fa fa-twitter' title='Twitter' href='#'> <\/a> <\/li><li> <a class='fa fa-youtube' title='Youtube' href='https:\/\/www.youtube.com\/channel\/UCbi0oA4aZTKD8kSU68eLsjA?view_as=subscriber'> <\/a> <\/li><li> <a class='fa fa-instagram' title='Instagram' href='#'> <\/a> <\/li><\/ul>[\/vc_column_inner][\/vc_row_inner][\/vc_column][\/vc_row]<\/p>\n","protected":false},"excerpt":{"rendered":"<p>[vc_row full_width=&#8221;stretch_row_content_no_spaces&#8221; addstyles=&#8221;overflow:visible !important; z-index:2;&#8221;][vc_column][\/vc_column][\/vc_row][vc_row full_width=&#8221;stretch_row&#8221; css=&#8221;.vc_custom_1518685577798{padding-top: 7% !important;padding-bottom: 12% !important;background-color: #f9dbf8 !important;}&#8221; el_class=&#8221;fullwidth_curve_bg vcr_float_right&#8221;][vc_column][vc_row_inner][vc_column_inner width=&#8221;2\/3&#8243;][vc_cta h2=&#8221;&#8221; style=&#8221;3d&#8221; color=&#8221;sky&#8221; el_width=&#8221;md&#8221;] Formulaire de Pr\u00e9-Inscription [\/vc_cta][\/vc_column_inner][vc_column_inner width=&#8221;1\/3&#8243;][\/vc_column_inner][\/vc_row_inner][ultimate_spacer height=&#8221;80&#8243; height_on_tabs=&#8221;60&#8243; height_on_tabs_portrait=&#8221;60&#8243; height_on_mob_landscape=&#8221;60&#8243; height_on_mob=&#8221;60&#8243;][vc_row_inner css=&#8221;.vc_custom_1489145988800{padding-right: 0px !important;padding-left: 0px !important;}&#8221;][vc_column_inner width=&#8221;1\/4&#8243;][\/vc_column_inner][vc_column_inner width=&#8221;1\/4&#8243;][\/vc_column_inner][vc_column_inner width=&#8221;1\/4&#8243;][\/vc_column_inner][vc_column_inner width=&#8221;1\/4&#8243;][\/vc_column_inner][\/vc_row_inner][\/vc_column][\/vc_row][vc_row full_width=&#8221;stretch_row&#8221; equal_height=&#8221;yes&#8221; content_placement=&#8221;middle&#8221; css=&#8221;.vc_custom_1490073244277{padding-top: 7% !important;padding-bottom: 7% !important;background-color: #89b730 !important;}&#8221; el_class=&#8221;dt-sc-dark-bg vcr_float_right&#8221;][vc_column width=&#8221;2\/3&#8243;][vc_column_text] Dans notre \u00e9cole [&hellip;]<\/p>\n","protected":false},"author":1,"featured_media":0,"parent":0,"menu_order":1,"comment_status":"closed","ping_status":"closed","template":"","meta":{"content-type":"","_mi_skip_tracking":false,"_monsterinsights_sitenote_active":false,"_monsterinsights_sitenote_note":"","_monsterinsights_sitenote_category":0},"_links":{"self":[{"href":"https:\/\/www.generation-elites.com\/ar\/wp-json\/wp\/v2\/pages\/13402"}],"collection":[{"href":"https:\/\/www.generation-elites.com\/ar\/wp-json\/wp\/v2\/pages"}],"about":[{"href":"https:\/\/www.generation-elites.com\/ar\/wp-json\/wp\/v2\/types\/page"}],"author":[{"embeddable":true,"href":"https:\/\/www.generation-elites.com\/ar\/wp-json\/wp\/v2\/users\/1"}],"replies":[{"embeddable":true,"href":"https:\/\/www.generation-elites.com\/ar\/wp-json\/wp\/v2\/comments?post=13402"}],"version-history":[{"count":67,"href":"https:\/\/www.generation-elites.com\/ar\/wp-json\/wp\/v2\/pages\/13402\/revisions"}],"predecessor-version":[{"id":13914,"href":"https:\/\/www.generation-elites.com\/ar\/wp-json\/wp\/v2\/pages\/13402\/revisions\/13914"}],"wp:attachment":[{"href":"https:\/\/www.generation-elites.com\/ar\/wp-json\/wp\/v2\/media?parent=13402"}],"curies":[{"name":"wp","href":"https:\/\/api.w.org\/{rel}","templated":true}]}}